{"id":3703,"date":"2017-03-05T21:26:01","date_gmt":"2017-03-05T20:26:01","guid":{"rendered":"https:\/\/m-i.info\/shop\/"},"modified":"2026-02-14T17:56:12","modified_gmt":"2026-02-14T16:56:12","slug":"shop","status":"publish","type":"page","link":"https:\/\/m-i.info\/de\/shop\/","title":{"rendered":"MI-Shop"},"content":{"rendered":"<h3>Willkommen im Shop der MI<\/h3>\n<p>Der MI-Shop stellt wichtige Apostolatsartikel zur Verf\u00fcgung. Alle Artikel sind grunds\u00e4tzlich kostenlos. Wir vertrauen darauf, dass gen\u00fcgend Spenden eintreffen, damit wir das Apostolat weiterhin finanzierenk\u00f6nnen. Die angegebenen Werte sollen eine Orientierung bei der Bestellung geben, welche Kosten diese uns versursacht.\u00a0 Mit einer Spende dar\u00fcber hinaus, erm\u00f6glichen Sie uns die weltweite Verbreitung der Wundert\u00e4tigen Medaille auch in L\u00e4ndern, die daf\u00fcr nicht selber aufkommen k\u00f6nnen. Jegliche Spende ist freiwillig. Vergelt&#8217;s Gott!<\/p>\n<hr \/>\n<p>W\u00e4hlen Sie hier die gew\u00fcnschte Produkte-Kategorie:<\/p>\n","protected":false},"excerpt":{"rendered":"<p>Willkommen im Shop der MI Der MI-Shop stellt wichtige Apostolatsartikel zur Verf\u00fcgung. Alle Artikel sind grunds\u00e4tzlich kostenlos. Wir vertrauen darauf, dass gen\u00fcgend Spenden eintreffen, damit wir das Apostolat weiterhin finanzierenk\u00f6nnen. Die angegebenen Werte sollen eine Orientierung bei der Bestellung geben, welche Kosten diese uns versursacht.\u00a0 Mit einer Spende dar\u00fcber hinaus,<a class=\"more-link\" href=\"https:\/\/m-i.info\/de\/shop\/\">Weiterlesen &rarr;<\/a><\/p>\n","protected":false},"author":217,"featured_media":0,"parent":0,"menu_order":0,"comment_status":"closed","ping_status":"closed","template":"","meta":{"footnotes":""},"class_list":["entry","author-maurice","post-3703","page","type-page","status-publish"],"_links":{"self":[{"href":"https:\/\/m-i.info\/de\/wp-json\/wp\/v2\/pages\/3703","targetHints":{"allow":["GET"]}}],"collection":[{"href":"https:\/\/m-i.info\/de\/wp-json\/wp\/v2\/pages"}],"about":[{"href":"https:\/\/m-i.info\/de\/wp-json\/wp\/v2\/types\/page"}],"author":[{"embeddable":true,"href":"https:\/\/m-i.info\/de\/wp-json\/wp\/v2\/users\/217"}],"replies":[{"embeddable":true,"href":"https:\/\/m-i.info\/de\/wp-json\/wp\/v2\/comments?post=3703"}],"version-history":[{"count":13,"href":"https:\/\/m-i.info\/de\/wp-json\/wp\/v2\/pages\/3703\/revisions"}],"predecessor-version":[{"id":106527,"href":"https:\/\/m-i.info\/de\/wp-json\/wp\/v2\/pages\/3703\/revisions\/106527"}],"wp:attachment":[{"href":"https:\/\/m-i.info\/de\/wp-json\/wp\/v2\/media?parent=3703"}],"curies":[{"name":"wp","href":"https:\/\/api.w.org\/{rel}","templated":true}]}}