{"id":5028,"date":"2017-05-03T17:14:47","date_gmt":"2017-05-03T15:14:47","guid":{"rendered":"https:\/\/m-i.info\/?page_id=5028\/"},"modified":"2022-02-08T08:16:25","modified_gmt":"2022-02-08T07:16:25","slug":"agb","status":"publish","type":"page","link":"https:\/\/m-i.info\/de\/agb\/","title":{"rendered":"Allgemeine Gesch\u00e4ftsbedingungen (AGB) von Militia Immaculatae"},"content":{"rendered":"<h1>1.\u00a0\u00a0\u00a0\u00a0\u00a0\u00a0 Geltungsbereich<\/h1>\n<p>Die Militia Immaculatae ist ein nach dem Schweizerischen Zivilgesetzbuch Art. 60ff. ZGB gegr\u00fcndeter und organisierter Verein und untersteht dem Schweizer Recht.<\/p>\n<p>F\u00fcr die Nutzung dieser Webseite sowie die Gesch\u00e4ftsbeziehungen zwischen Militia Immaculatae (MI-Schweiz), CH-9500 Wil (nachstehend Militia Immaculatae genannt) und ihren Kunden gelten die nachfolgenden AGB in der bei Aufruf der Webseite bzw. bei Warenbestellung aktuell abrufbaren und g\u00fcltigen Fassung. Das Angebot auf dieser Webseite richtet sich ausschliesslich an Kunden mit Schweizer Wohnsitz. Produktbestellungen von Kunden mit ausl\u00e4ndischem Wohnsitz werden an die zust\u00e4ndige ausl\u00e4ndische Kontaktstelle der Militia Immaculatae weitergeleitet.<\/p>\n<p>Als Kunde wird jede nat\u00fcrliche und juristische Person bezeichnet, welche mit <strong>Militia Immaculatae<\/strong> gesch\u00e4ftliche Beziehungen pflegt. Diese AGB inkl. den darin enthaltenen Liefer- und Zahlungsbedingungen sowie den entsprechenden Datenschutzbestimmungen k\u00f6nnen von Zeit zu Zeit Anpassungen erfahren.<\/p>\n<p>Diese AGB gelten ausschliesslich. entgegenstehende, erg\u00e4nzende oder von diesen AGB abweichende Bedingungen bed\u00fcrfen zur ihrer Geltung der ausdr\u00fccklichen schriftlichen Best\u00e4tigung durch Militia Immaculatae. Der Kunde anerkennt mit der Nutzung dieser Webseite bzw. bei einer Warenbestellung diese AGB.<\/p>\n<p>Sollten sich einzelne Bestimmungen dieser AGB als unwirksam oder undurchf\u00fchrbar erweisen oder unwirksam oder undurchf\u00fchrbar werden, so bleibt dadurch die Wirksamkeit der \u00fcbrigen Bestimmungen unber\u00fchrt.<\/p>\n<p>Der Betreiber dieses Internetauftritts ist Militia Immaculatae. \u00a8F\u00fcr weitere diesbez\u00fcgliche Informationen sei auf das <a href=\"https:\/\/m-i.info\/de\/rechtliches\/\">Impressum<\/a> verwiesen.<\/p>\n<h1>2.\u00a0\u00a0\u00a0\u00a0\u00a0\u00a0 Informationen auf dieser Webseite<\/h1>\n<p>Die Webseite der Militia Immaculatae beinhaltet Informationen \u00fcber Produkte und Dienstleistungen. Preis- und Sortiments\u00e4nderungen sowie technische \u00c4nderungen bleiben vorbehalten. Militia Immaculatae ist nach bestem Wissen und Gewissen daf\u00fcr besorgt, dass alle Angaben auf www.militia-immaculatae.info (insbesondere Produktbeschreibungen, Abbildungen, Filme, etc) korrekt, vollst\u00e4ndig, aktuell und \u00fcbersichtlich sind.<\/p>\n<p>S\u00e4mtliche Angebote auf dieser Webseite gelten als freibleibend und sind nicht als verbindliche Offerte zu verstehen.<\/p>\n<p>Militia Immaculatae kann keine Garantie abgeben, dass die aufgef\u00fchrten Produkte zum Zeitpunkt der Bestellung verf\u00fcgbar sind. Daher sind alle Angaben zu Verf\u00fcgbarkeit und Lieferzeiten ohne Gew\u00e4hr und k\u00f6nnen sich jederzeit und ohne Ank\u00fcndigung \u00e4ndern.<\/p>\n<p>Im Shop der Militia Immaculatae werden auch Links aufgef\u00fchrt, die auf Produkte und Dienstleistungen verweisen, die nicht von Militia Immaculatae angeboten und vertrieben werden \u00a0(z. B. Produkte des Sarto-Verlags, Alverna-Verlags, etc). Diese Produkte und Dienstleistungen hat der Kunde direkt beim jeweiligen Anbieter (z. B. Sarto- oder Alverna-Verlag) zu bestellen.<\/p>\n<h1>3.\u00a0\u00a0\u00a0\u00a0\u00a0\u00a0 Preise<\/h1>\n<p>Die Militia Immaculatae ist ein nicht gewinnorientierter und <strong>auf Spendenbasis funktionierender Verein<\/strong>. Die Militia Immaculatae ist nicht MWST-pflichtig. Die Preise sind sofern nicht anders angegeben in Schweizer Franken (CHF) und <strong>als Richtpreise zur Deckung der Selbstkosten zu verstehen<\/strong>. Unter Richtpreis versteht der Verein ein Preis, der jedoch nicht eingehalten zu werden braucht. Zur Deckung der entstandenen Kosten und zur Existenzsicherung ist der Verein jedoch f\u00fcr die Begleichung des Preises im Sinne einer Spende dankbar.<\/p>\n<p>Allf\u00e4llige Versandkosten werden, wo nicht anders vorgesehen, zus\u00e4tzlich verrechnet und sind durch den Kunden ebenso zur Deckung der Unkosten zu bezahlen. Versandkosten werden im Bestellprozess separat ausgewiesen.<\/p>\n<p>Technische \u00c4nderungen, Irrt\u00fcmer und Druckfehler bleiben vorbehalten.<\/p>\n<h1>4.\u00a0\u00a0\u00a0\u00a0\u00a0\u00a0 Vertragsabschluss<\/h1>\n<p>Die Angebote auf dieser Webseite stellen eine unverbindliche Aufforderung an den Kunden dar, bei Militia Immaculatae Produkte und\/oder Dienstleistungen zu bestellen. Mit der Bestellung \u00fcber diese Webseite inklusive der Annahme dieser AGB gibt der Kunde ein rechtlich verbindliches Angebot zum Vertragsabschluss ab. Militia Immaculatae versendet daraufhin eine automatische \u201eBestellbest\u00e4tigung\u201c per Email, welche best\u00e4tigt, dass das Angebot des Kunden bei Militia Immaculatae eingegangen ist. Get\u00e4tigte Bestellungen sind f\u00fcr den Kunden verbindlich.<\/p>\n<p>Der Vertrag kommt zustande, sobald Militia Immaculatae eine Annahmeerkl\u00e4rung per Email versendet, worin der Versand der bestellten Produkte oder Dienstleistungen best\u00e4tigt wird.<\/p>\n<p>Militia Immaculatae beh\u00e4lt sich in Ausnahmef\u00e4llen das Recht vor, Bestellungen\u00a0 erst nach Spenden- bzw. Zahlungseingang auszuliefern, dies inbesondere bei gr\u00f6sseren Bestellmengen. Ergibt sich nach Abschluss des Vertrages, dass die bestellten Produkte nicht oder nicht vollst\u00e4ndig geliefert werden k\u00f6nnen, ist Militia Immaculatae berechtigt, vom Vertrag oder von einem Vertragsteil zur\u00fcckzutreten. Sollte die Zahlung des Kunden bereits bei Militia Immaculatae eingegangen sein, wird die Zahlung dem Kunden zur\u00fcckerstattet. Ist noch keine Zahlung erfolgt, wird der Kunde von der Zahlungspflicht befreit.<\/p>\n<h1>5.\u00a0\u00a0\u00a0\u00a0\u00a0\u00a0 Zahlungsm\u00f6glichkeiten<\/h1>\n<p>Dem Kunden stehen die im Bestellvorgang angegebenen Zahlungsm\u00f6glichkeiten zur Verf\u00fcgung.<\/p>\n<p>Militia Immaculatae beh\u00e4lt sich wie oben erw\u00e4hnt bei gr\u00f6sseren Bestellungen das Recht vor auf Vorauskasse zu bestehen.<\/p>\n<h1>6.\u00a0\u00a0\u00a0\u00a0\u00a0\u00a0 Lieferung, Pr\u00fcfpflicht, M\u00e4ngelr\u00fcge und R\u00fccksendung<\/h1>\n<p>Die Lieferungen werden per Post oder Kurierdienst an die vom Kunden in der Bestellung angegebene Adresse versandt. Die Rechnungsstellung erfolgt per Email oder auf dem Postweg. Mit dem Versand gehen Nutzen und Gefahr auf den Kunden \u00fcber, soweit dies gesetzlich zul\u00e4ssig ist.<\/p>\n<p>Ist die Lieferung nicht zustellbar oder verweigert der Kunde die Annahme der Lieferung, kann Militia Immaculatae den Vertrag nach einer R\u00fcge-Mitteilung per E-Mail an den Kunden und unter Ansetzung einer angemessenen Frist aufl\u00f6sen<\/p>\n<p>Der Kunde ist verpflichtet, die gelieferten Waren sofort nach Eingang der Lieferung zu pr\u00fcfen und allf\u00e4llige M\u00e4ngel, f\u00fcr die Militia Immaculatae Gew\u00e4hr leistet, unverz\u00fcglich schriftlich per Brief oder Email an die Adresse im <a href=\"https:\/\/m-i.info\/de\/rechtliches\/\">Impressum<\/a> Anzeige zu machen.<\/p>\n<p>R\u00fccksendungen an Militia Immaculatae erfolgen auf Rechnung und Gefahr des Kunden. Der Kunde hat die Waren originalverpackt, komplett und zusammen mit dem einer Beschreibung der M\u00e4ngel an die von Militia Immaculatae angegebene R\u00fccksendeadresse (\u00fcblicherweise die Kontaktadresse des jeweiligen Landes) zu schicken.<\/p>\n<h1>7.\u00a0\u00a0\u00a0\u00a0\u00a0\u00a0 Widerrufsrecht<\/h1>\n<p>Dem Kunden wird w\u00e4hrend 10 Kalendertagen nach Erhalt der Ware ein Widerrufsrecht gew\u00e4hrt. Die Frist gilt als eingehalten, wenn der Kunde den schriftlichen Widerruf per\u00a0<a href=\"https:\/\/m-i.info\/de\/kontaktkontaktformular-mi-schweiz\/\">Kontaktformular<\/a> oder <a href=\"https:\/\/m-i.info\/de\/kontakt\/\">Brief <\/a>\u00a0innerhalb der Frist an Militia Immaculatae abschickt. Der Widerruf bedarf keiner Begr\u00fcndung.<\/p>\n<p>Die Aus\u00fcbung des Widerrufsrechts f\u00fchrt zu einer R\u00fcckabwicklung des Vertrages. Der Kunde muss die Waren innert 10 Kalendertagen originalverpackt und komplett an die von Militia Immaculatae angegebene R\u00fccksendeadresse zur\u00fccksenden. R\u00fccksendungen an Militia Immaculatae erfolgen auf Rechnung und Gefahr des Kunden. Eine allenfalls bereits geleistete Zahlung wird innerhalb von 30 Kalendertagen an den Kunden zur\u00fcckerstattet, sofern Militia Immaculatae das Produkt bereits zur\u00fcckerhalten hat oder der Kunde einen Versandnachweis erbringen kann.<\/p>\n<h1>8.\u00a0\u00a0\u00a0\u00a0\u00a0\u00a0 Gew\u00e4hrleistung<\/h1>\n<p>Militia Immaculatae bem\u00fcht sich, Waren in einwandfreier Qualit\u00e4t zu liefern. Bei rechtzeitig ger\u00fcgten M\u00e4ngeln \u00fcbernimmt Militia Immaculatae w\u00e4hrend der Gew\u00e4hrleistungsfrist von 6 Monaten seit dem Lieferdatum die Gew\u00e4hrleistung f\u00fcr M\u00e4ngelfreiheit und Funktionsf\u00e4higkeit des vom Kunden erworbenen Produktes. Es liegt im Ermessen von Militia Immaculatae die Gew\u00e4hrleistung durch gleichwertigen Ersatz oder durch R\u00fcckerstattung des Kaufpreises zu erbringen. Weitere Anspr\u00fcche sind ausgeschlossen.<\/p>\n<p>Militia Immaculatae ist es nicht m\u00f6glich, Zusicherungen oder Garantien f\u00fcr die Aktualit\u00e4t, Vollst\u00e4ndigkeit und Korrektheit der Daten sowie f\u00fcr die st\u00e4ndige oder ungest\u00f6rte Verf\u00fcgbarkeit der Webseite, deren Funktionalit\u00e4ten, integrierten Hyperlinks und weiteren Inhalten abzugeben. Insbesondere wird weder zugesichert noch garantiert, dass durch die Nutzung der Webseite keine Rechte von Dritten verletzt werden, die nicht im Besitz von Militia Immaculatae sind.<\/p>\n<h1>9.\u00a0\u00a0\u00a0\u00a0\u00a0\u00a0 Haftung<\/h1>\n<p>Militia Immaculatae schliesst jede Haftung, unabh\u00e4ngig von ihrem Rechtsgrund, sowie Schadenersatzanspr\u00fcche gegen Militia Immaculatae und allf\u00e4llige Hilfspersonen und Erf\u00fcllungsgehilfen aus.<\/p>\n<p>Militia Immaculatae benutzt Hyperlinks lediglich f\u00fcr den vereinfachten Zugang des Kunden zu anderen Webangeboten. Militia Immaculatae kann weder den Inhalt dieser Webangebote im Einzelnen kennen, noch die Haftung oder sonstige Verantwortung f\u00fcr die Inhalte dieser Webseiten \u00fcbernehmen.<\/p>\n<h1>10.\u00a0\u00a0\u00a0 Datenschutz<\/h1>\n<p>F\u00fcr uns von der Militia Immaculatae ist ein verantwortungsbewusster Umgang mit den Daten unserer Kunden wichtig. Aus dieser Verantwortung leiten wir folgende Grunds\u00e4tze ab:<\/p>\n<ul>\n<li>Die Militia Immaculatae bearbeitet die im Rahmen des Vertragsschlusses aufgenommenen Kundendaten ausschliesslich zur Erf\u00fcllung der Verpflichtungen aus dem Vertrag.<\/li>\n<li>Die Militia Immacualae speichert jene personenbezogenen Daten, welche f\u00fcr den Vertragsabschluss unabdingbar sind und von den Kunden der Militia Immaculatae gegen\u00fcber bekannt gegeben werden. Darunter fallen insbesondere der Kundenname, die berufliche und\/oder private E-Mail-Adresse sowie die berufliche und\/oder private Adresse.<\/li>\n<li>Um die Datenbank auf dem aktuellen Stand zu halten, wird die E-Mail-Adresse sowie die Adresse nach Bekanntwerden des Wohnortswechsels aktualisiert, auch wenn wir seitens des entsprechenden Kunden \u00fcber diesen Wechsel nicht informiert worden sind.<\/li>\n<li>Die Kundendaten werden nicht f\u00fcr Statistiken oder automatisierte Entscheidungsfindungen verarbeitet.<\/li>\n<li>Der Kunde hat das Recht, jederzeit Auskunft \u00fcber seine bei der Militia Immaculatae gespeicherten Daten zu erhalten bzw. deren Berichtigung oder L\u00f6schung zu verlangen. Diesbez\u00fcglich hat der Kunde die Militia Immaculatae schriftlich via E-Mail oder auf dem Postweg in Kenntnis zu setzen.<\/li>\n<\/ul>\n<p>Die aufsf\u00fchrlichen Datenschutzbestimmungen sind in der Datenschutzerkl\u00e4rung zu finden.<\/p>\n<p>Die weiteren Datenschutzbestimmungen sind unter folgendem Link abrufbar: <a href=\"https:\/\/m-i.info\/de\/datenschutzerklaerung\/\">Datenschutzerkl\u00e4rung<\/a><\/p>\n<h1>11.\u00a0\u00a0\u00a0 Weitere Bestimmungen<\/h1>\n<p>Militia Immaculatae beh\u00e4lt sich ausdr\u00fccklich vor, die vorliegenden AGB jederzeit zu \u00e4ndern und ohne Ank\u00fcndigung in Kraft zu setzen.<\/p>\n<p>Der Gerichtsstand f\u00fcr allf\u00e4llige Streitigkeiten ist Wil, Kanton St.Gallen, Schweiz. Anwendbar ist das materielle Schweizer Recht unter Ausschluss von kollisionsrechtlichen Normen zur Anwendung.<\/p>\n<h1>12.\u00a0\u00a0\u00a0 Kontakt<\/h1>\n<p>Bei Fragen zu diesen AGB bitte melden bei: <a href=\"https:\/\/m-i.info\/de\/rechtliches\/\">Impressum<\/a><\/p>\n<p>(Version 1.10.2018)<\/p>\n<p>&nbsp;<\/p>\n","protected":false},"excerpt":{"rendered":"<p>1.\u00a0\u00a0\u00a0\u00a0\u00a0\u00a0 Geltungsbereich Die Militia Immaculatae ist ein nach dem Schweizerischen Zivilgesetzbuch Art. 60ff. ZGB gegr\u00fcndeter und organisierter Verein und untersteht dem Schweizer Recht. F\u00fcr die Nutzung dieser Webseite sowie die Gesch\u00e4ftsbeziehungen zwischen Militia Immaculatae (MI-Schweiz), CH-9500 Wil (nachstehend Militia Immaculatae genannt) und ihren Kunden gelten die nachfolgenden AGB in der<a class=\"more-link\" href=\"https:\/\/m-i.info\/de\/agb\/\">Weiterlesen &rarr;<\/a><\/p>\n","protected":false},"author":217,"featured_media":0,"parent":0,"menu_order":0,"comment_status":"closed","ping_status":"closed","template":"","meta":{"footnotes":""},"class_list":["entry","author-maurice","post-5028","page","type-page","status-publish"],"_links":{"self":[{"href":"https:\/\/m-i.info\/de\/wp-json\/wp\/v2\/pages\/5028","targetHints":{"allow":["GET"]}}],"collection":[{"href":"https:\/\/m-i.info\/de\/wp-json\/wp\/v2\/pages"}],"about":[{"href":"https:\/\/m-i.info\/de\/wp-json\/wp\/v2\/types\/page"}],"author":[{"embeddable":true,"href":"https:\/\/m-i.info\/de\/wp-json\/wp\/v2\/users\/217"}],"replies":[{"embeddable":true,"href":"https:\/\/m-i.info\/de\/wp-json\/wp\/v2\/comments?post=5028"}],"version-history":[{"count":8,"href":"https:\/\/m-i.info\/de\/wp-json\/wp\/v2\/pages\/5028\/revisions"}],"predecessor-version":[{"id":51233,"href":"https:\/\/m-i.info\/de\/wp-json\/wp\/v2\/pages\/5028\/revisions\/51233"}],"wp:attachment":[{"href":"https:\/\/m-i.info\/de\/wp-json\/wp\/v2\/media?parent=5028"}],"curies":[{"name":"wp","href":"https:\/\/api.w.org\/{rel}","templated":true}]}}