{"id":3806,"date":"2017-03-05T23:26:18","date_gmt":"2017-03-05T22:26:18","guid":{"rendered":"https:\/\/m-i.info\/?post_type=product&#038;p=3806\/"},"modified":"2025-09-19T16:28:31","modified_gmt":"2025-09-19T14:28:31","slug":"rosenkranzset","status":"publish","type":"product","link":"https:\/\/m-i.info\/de\/shop\/rosenkranz\/rosenkranzset\/","title":{"rendered":"Rosenkranzset"},"content":{"rendered":"<p>Unsere Liebe Frau von Fatima hat der Welt den Rosenkranz als letztes Rettungsmittel anvertraut. Sie hat sich in Fatima als K\u00f6nigin des hl. Rosenkranzes vorgestellt und gem\u00e4ss Sr. Lucia dem Rosenkranz \u201ein diesen letzten Zeiten, in denen wir leben, eine neue Wirksamkeit gegeben\u201c.<\/p>\n<p>Das Rosenkranzset beinhaltet einen sch\u00f6nen, bereits gesegneten Rosenkranz mit gekettelten Holzperlen und einer Brosch\u00fcre mit einer Einf\u00fchrung in das Rosenkranzgebet und den 15 Geheimnissen. Dieses Set k\u00f6nnen die Ritter verschenken mit dem Ziel, dass wieder mehr Leute zu beten beginnen und dieses letzte Rettungsmittel kennen und nutzen lernen. Das Set ist mit schwarzem oder braunem Rosenkranz erh\u00e4ltlich.<\/p>\n","protected":false},"excerpt":{"rendered":"<p>Unsere Liebe Frau von Fatima hat der Welt den Rosenkranz als letztes Rettungsmittel anvertraut. Sie hat sich in Fatima als K\u00f6nigin des hl. Rosenkranzes vorgestellt und gem\u00e4ss Sr. Lucia dem Rosenkranz \u201ein diesen letzten Zeiten, in denen wir leben, eine neue Wirksamkeit gegeben\u201c. Das Rosenkranzset beinhaltet einen sch\u00f6nen, bereits gesegneten<a class=\"more-link\" href=\"https:\/\/m-i.info\/de\/shop\/rosenkranz\/rosenkranzset\/\">Weiterlesen &rarr;<\/a><\/p>\n","protected":false},"featured_media":4895,"template":"","meta":[],"product_brand":[],"product_cat":[260],"product_tag":[],"class_list":{"0":"entry","1":"author-maurice","2":"post-3806","3":"product","4":"type-product","5":"status-publish","6":"has-post-thumbnail","7":"product_cat-rosenkranz","9":"first","10":"instock","11":"shipping-taxable","12":"purchasable","13":"product-type-variable"},"_links":{"self":[{"href":"https:\/\/m-i.info\/de\/wp-json\/wp\/v2\/product\/3806","targetHints":{"allow":["GET"]}}],"collection":[{"href":"https:\/\/m-i.info\/de\/wp-json\/wp\/v2\/product"}],"about":[{"href":"https:\/\/m-i.info\/de\/wp-json\/wp\/v2\/types\/product"}],"wp:featuredmedia":[{"embeddable":true,"href":"https:\/\/m-i.info\/de\/wp-json\/wp\/v2\/media\/4895"}],"wp:attachment":[{"href":"https:\/\/m-i.info\/de\/wp-json\/wp\/v2\/media?parent=3806"}],"wp:term":[{"taxonomy":"product_brand","embeddable":true,"href":"https:\/\/m-i.info\/de\/wp-json\/wp\/v2\/product_brand?post=3806"},{"taxonomy":"product_cat","embeddable":true,"href":"https:\/\/m-i.info\/de\/wp-json\/wp\/v2\/product_cat?post=3806"},{"taxonomy":"product_tag","embeddable":true,"href":"https:\/\/m-i.info\/de\/wp-json\/wp\/v2\/product_tag?post=3806"}],"curies":[{"name":"wp","href":"https:\/\/api.w.org\/{rel}","templated":true}]}}