{"id":40120,"date":"2021-09-29T21:39:04","date_gmt":"2021-09-29T19:39:04","guid":{"rendered":"https:\/\/m-i.info\/?post_type=product&#038;p=40120"},"modified":"2025-09-19T15:40:15","modified_gmt":"2025-09-19T13:40:15","slug":"cd-6-der-heilige-rosenkranz","status":"publish","type":"product","link":"https:\/\/m-i.info\/de\/shop\/cddvd\/cd-6-der-heilige-rosenkranz\/","title":{"rendered":"CD 6: Der heilige Rosenkranz"},"content":{"rendered":"<h6>CD 6: Der heilige Rosenkranz \u2013 das wunderbare Geheimnis der Bekehrung und des Heiles<\/h6>\n<p>Der hl. Ludwig Maria Grignion von Montfort (1673-1716) wurde an seinem gro\u00dfen Rosenkranz, den er sichtbar trug, erkannt und \u201eApostels des Kreuzes und des heiligen Rosenkranzes\u201c genannt. Der Rosenkranz nahm einen wichtigen Platz in seinem eigenen geistlichen Leben und in seinem Apostolat ein. Das Buch des hl. Ludwigs gilt als eines der besten und weltweit am meisten verbreiteten \u00fcber den heiligen Rosenkranz. Der Heilige schrieb im Lichte einer \u00fcbernat\u00fcrlichen Erkenntnis, welche ihm durch die gro\u00dfe Liebe zu diesem Gebet und zu Maria geschenkt wurde.<\/p>\n<p>Das Ziel des Autors ist augenscheinlich: Er m\u00f6chte die Leser in das Geheimnis des Rosenkranzes einf\u00fchren, ihnen eine tiefe \u00dcberzeugung dessen wunderbaren Wirksamkeit vermitteln und ihnen erkl\u00e4ren, wie sie ihn beten sollen, um selbst auch von dessen Fr\u00fcchten zu profitieren.<\/p>\n<p>Die Produktion dieses H\u00f6rbuches ist Unserer Lieben Frau von Fatima, der K\u00f6nigin des hl. Rosenkranzes, gewidmet, welche uns das t\u00e4gliche Rosenkranzgebet als Rettungsmittel in diesen letzten Zeiten ans Herz gelegt hat.<\/p>\n<p><a href=\"https:\/\/rosenkranzgebet.info\/rosenkranz-hoerbuch\/\" target=\"_blank\" rel=\"noopener\">Hier finden Sie weitere Informationen und das Audiobuch online.<\/a><\/p>\n<p>&nbsp;<\/p>\n","protected":false},"excerpt":{"rendered":"<p>CD 6: Der heilige Rosenkranz \u2013 das wunderbare Geheimnis der Bekehrung und des Heiles Der hl. Ludwig Maria Grignion von Montfort (1673-1716) wurde an seinem gro\u00dfen Rosenkranz, den er sichtbar trug, erkannt und \u201eApostels des Kreuzes und des heiligen Rosenkranzes\u201c genannt. Der Rosenkranz nahm einen wichtigen Platz in seinem eigenen<a class=\"more-link\" href=\"https:\/\/m-i.info\/de\/shop\/cddvd\/cd-6-der-heilige-rosenkranz\/\">Weiterlesen &rarr;<\/a><\/p>\n","protected":false},"featured_media":40129,"template":"","meta":[],"product_brand":[],"product_cat":[264,260],"product_tag":[],"class_list":{"0":"entry","1":"author-manuel","2":"post-40120","3":"product","4":"type-product","5":"status-publish","6":"has-post-thumbnail","7":"product_cat-cddvd","8":"product_cat-rosenkranz","10":"first","11":"instock","12":"shipping-taxable","13":"purchasable","14":"product-type-simple"},"_links":{"self":[{"href":"https:\/\/m-i.info\/de\/wp-json\/wp\/v2\/product\/40120","targetHints":{"allow":["GET"]}}],"collection":[{"href":"https:\/\/m-i.info\/de\/wp-json\/wp\/v2\/product"}],"about":[{"href":"https:\/\/m-i.info\/de\/wp-json\/wp\/v2\/types\/product"}],"wp:featuredmedia":[{"embeddable":true,"href":"https:\/\/m-i.info\/de\/wp-json\/wp\/v2\/media\/40129"}],"wp:attachment":[{"href":"https:\/\/m-i.info\/de\/wp-json\/wp\/v2\/media?parent=40120"}],"wp:term":[{"taxonomy":"product_brand","embeddable":true,"href":"https:\/\/m-i.info\/de\/wp-json\/wp\/v2\/product_brand?post=40120"},{"taxonomy":"product_cat","embeddable":true,"href":"https:\/\/m-i.info\/de\/wp-json\/wp\/v2\/product_cat?post=40120"},{"taxonomy":"product_tag","embeddable":true,"href":"https:\/\/m-i.info\/de\/wp-json\/wp\/v2\/product_tag?post=40120"}],"curies":[{"name":"wp","href":"https:\/\/api.w.org\/{rel}","templated":true}]}}