{"id":813,"date":"2022-07-20T20:46:20","date_gmt":"2022-07-20T18:46:20","guid":{"rendered":"http:\/\/migration.mi-admin.ch\/apostolat\/"},"modified":"2022-08-09T14:52:59","modified_gmt":"2022-08-09T12:52:59","slug":"apostolat","status":"publish","type":"page","link":"https:\/\/m-i.info\/fr\/apostolat\/","title":{"rendered":"Apostolat"},"content":{"rendered":"<div style=\"position: relative; width: 100%; height: 0; padding-top: 100.0000%; padding-bottom: 48px; box-shadow: 0 2px 8px 0 rgba(63,69,81,0.16); margin-top: 1.6em; margin-bottom: 0.9em; overflow: hidden; border-radius: 8px; will-change: transform;\"><iframe style=\"position: absolute; width: 100%; height: 100%; top: 0; left: 0; border: none; padding: 0; margin: 0;\" src=\"https:\/\/www.canva.com\/design\/DAE8RPZjTsw\/view?embed\" allowfullscreen=\"allowfullscreen\"><br \/>\n<\/iframe><\/div>\n<p><a href=\"https:\/\/www.canva.com\/design\/DAE8RPZjTsw\/view?utm_content=DAE8RPZjTsw&amp;utm_campaign=designshare&amp;utm_medium=embeds&amp;utm_source=link\" target=\"_blank\" rel=\"noopener\">L&#8217;APOSTOLAT DE LA MI<\/a> par Militia Immaculat\u00e6<\/p>\n<hr \/>\n<p><span lang=\"FR-CH\"><span style=\"color: #000000; font-family: Calibri;\"><a href=\"https:\/\/m-i.info\/wp-content\/uploads\/2022\/07\/Apostolat-MI-generale.jpg\"><img fetchpriority=\"high\" decoding=\"async\" class=\"alignright wp-image-68732\" src=\"https:\/\/m-i.info\/wp-content\/uploads\/2022\/07\/Apostolat-MI-generale-212x300.jpg\" alt=\"\" width=\"300\" height=\"424\" title=\"\" srcset=\"https:\/\/m-i.info\/wp-content\/uploads\/2022\/07\/Apostolat-MI-generale-212x300.jpg 212w, https:\/\/m-i.info\/wp-content\/uploads\/2022\/07\/Apostolat-MI-generale-724x1024.jpg 724w, https:\/\/m-i.info\/wp-content\/uploads\/2022\/07\/Apostolat-MI-generale-768x1086.jpg 768w, https:\/\/m-i.info\/wp-content\/uploads\/2022\/07\/Apostolat-MI-generale-1086x1536.jpg 1086w, https:\/\/m-i.info\/wp-content\/uploads\/2022\/07\/Apostolat-MI-generale-389x550.jpg 389w, https:\/\/m-i.info\/wp-content\/uploads\/2022\/07\/Apostolat-MI-generale-600x849.jpg 600w, https:\/\/m-i.info\/wp-content\/uploads\/2022\/07\/Apostolat-MI-generale.jpg 1414w\" sizes=\"(max-width: 300px) 100vw, 300px\" \/><\/a>L\u2019apostolat de la Milice de l\u2019Immacul\u00e9e a pour guide et protecteur spirituel Saint Maximilien Kolbe. Il est pour nous un exemple rayonnant en raison de son z\u00e8le pour le salut des \u00e2mes et l&#8217;extension du royaume de J\u00e9sus-Christ par l\u2019Immacul\u00e9e. <strong>Son ardeur ne connue pas de limite.<\/strong> Mieux que personne, il a travaill\u00e9 pour l\u2019Immacul\u00e9e. <\/span><\/span><\/p>\n<p><span lang=\"FR-CH\"><span style=\"color: #000000; font-family: Calibri;\">A peine avait-il fond\u00e9 la cit\u00e9 de l\u2019Immacul\u00e9e en Pologne, qu\u2019il demanda \u00e0 ses sup\u00e9rieurs la permission de se rendre au Japon comme missionnaire. Dans leur \u00e9tonnement, ses confr\u00e8res l\u2019interrog\u00e8rent: <em>\u00ab <\/em>Savez parler japonais ? Avez-vous des relations, de l\u2019argent pour ce projet ? <em>\u00bb<\/em> Il doit r\u00e9pondre <\/span><\/span><span style=\"color: #000000; font-family: Calibri;\">par la n\u00e9gative <\/span><span style=\"color: #000000; font-family: Calibri;\">\u00e0 toutes ces questions. Mais les sup\u00e9rieurs le connaissaient d\u00e9j\u00e0, et ils le laiss\u00e8rent partir. <\/span><\/p>\n<p><span style=\"color: #000000; font-family: Calibri;\"><strong>Sa confiance sans limite en <span lang=\"FR-CH\"><em>\u00ab <\/em><\/span><em>sa Dame<span lang=\"FR-CH\"> \u00bb<\/span><\/em>\u00a0ne l\u2019a jamais d\u00e9\u00e7ue. Selon sa devise, il donnera tout \u00e0 l\u2019Immacul\u00e9e, absolument tout.<\/strong> Et dans sa confiance sans borne, il lui demanda <span lang=\"FR-CH\"><em>\u00ab <\/em><\/span>d&#8217;accomplir Elle-m\u00eame tout ce qu&#8217;il ne pourra pas faire<span lang=\"FR-CH\"><em>\u00bb<\/em><\/span>. (voir les faits rapport\u00e9s du Japon).<\/span><\/p>\n<hr \/>\n<h4><strong>POUR EN SAVOIR PLUS SUR LE CHEVALIER<\/strong><\/h4>\n<div style=\"position: relative; width: 100%; height: 0; padding-top: 33.3333%; padding-bottom: 48px; box-shadow: 0 2px 8px 0 rgba(63,69,81,0.16); margin-top: 1.6em; margin-bottom: 0.9em; overflow: hidden; border-radius: 8px; will-change: transform;\"><iframe style=\"position: absolute; width: 100%; height: 100%; top: 0; left: 0; border: none; padding: 0; margin: 0;\" src=\"https:\/\/www.canva.com\/design\/DAFI1GMvUDA\/view?embed\" allowfullscreen=\"allowfullscreen\"><br \/>\n<\/iframe><\/div>\n<p><a href=\"https:\/\/www.canva.com\/design\/DAFI1GMvUDA\/view?utm_content=DAFI1GMvUDA&amp;utm_campaign=designshare&amp;utm_medium=embeds&amp;utm_source=link\" target=\"_blank\" rel=\"noopener\">Le chevalier<\/a><\/p>\n","protected":false},"excerpt":{"rendered":"<p>L&#8217;APOSTOLAT DE LA MI par Militia Immaculat\u00e6 L\u2019apostolat de la Milice de l\u2019Immacul\u00e9e a pour guide et protecteur spirituel Saint Maximilien Kolbe. Il est pour nous un exemple rayonnant en raison de son z\u00e8le pour le salut des \u00e2mes et l&#8217;extension du royaume de J\u00e9sus-Christ par l\u2019Immacul\u00e9e. Son ardeur ne<a class=\"more-link\" href=\"https:\/\/m-i.info\/fr\/apostolat\/\">Lire la suite &rarr;<\/a><\/p>\n","protected":false},"author":9,"featured_media":75870,"parent":0,"menu_order":0,"comment_status":"closed","ping_status":"closed","template":"","meta":{"footnotes":""},"class_list":["entry","author-paul","post-813","page","type-page","status-publish","has-post-thumbnail"],"_links":{"self":[{"href":"https:\/\/m-i.info\/fr\/wp-json\/wp\/v2\/pages\/813","targetHints":{"allow":["GET"]}}],"collection":[{"href":"https:\/\/m-i.info\/fr\/wp-json\/wp\/v2\/pages"}],"about":[{"href":"https:\/\/m-i.info\/fr\/wp-json\/wp\/v2\/types\/page"}],"author":[{"embeddable":true,"href":"https:\/\/m-i.info\/fr\/wp-json\/wp\/v2\/users\/9"}],"replies":[{"embeddable":true,"href":"https:\/\/m-i.info\/fr\/wp-json\/wp\/v2\/comments?post=813"}],"version-history":[{"count":12,"href":"https:\/\/m-i.info\/fr\/wp-json\/wp\/v2\/pages\/813\/revisions"}],"predecessor-version":[{"id":75878,"href":"https:\/\/m-i.info\/fr\/wp-json\/wp\/v2\/pages\/813\/revisions\/75878"}],"wp:featuredmedia":[{"embeddable":true,"href":"https:\/\/m-i.info\/fr\/wp-json\/wp\/v2\/media\/75870"}],"wp:attachment":[{"href":"https:\/\/m-i.info\/fr\/wp-json\/wp\/v2\/media?parent=813"}],"curies":[{"name":"wp","href":"https:\/\/api.w.org\/{rel}","templated":true}]}}