{"id":816,"date":"2023-05-16T09:27:24","date_gmt":"2023-05-16T07:27:24","guid":{"rendered":"http:\/\/migration.mi-admin.ch\/der-rosenkranz\/"},"modified":"2023-05-16T10:50:43","modified_gmt":"2023-05-16T08:50:43","slug":"en-priere-avec-marie","status":"publish","type":"page","link":"https:\/\/m-i.info\/fr\/en-priere-avec-marie\/","title":{"rendered":"En pri\u00e8re avec Marie"},"content":{"rendered":"<header class=\"entry-header\">\n<blockquote>\n<p class=\"entry-title\" style=\"text-align: left;\"><strong><em>Cliquez sur chaque image pour avoir la pri\u00e8re que vous souhaitez adresser \u00e0 la tr\u00e8s Sainte Vierge Marie. Chaque pri\u00e8re est accompagn\u00e9e, quand cela est possible, des musiques sacr\u00e9es. Merci de prier aussi pour nous.<\/em><\/strong><\/p>\n<\/blockquote>\n<div style=\"position: relative; width: 100%; height: 0; padding-top: 100.0000%; padding-bottom: 48px; box-shadow: 0 2px 8px 0 rgba(63,69,81,0.16); margin-top: 1.6em; margin-bottom: 0.9em; overflow: hidden; border-radius: 8px; will-change: transform;\"><iframe style=\"position: absolute; width: 100%; height: 100%; top: 0; left: 0; border: none; padding: 0; margin: 0;\" src=\"https:\/\/www.canva.com\/design\/DAE8iWz4-7o\/view?embed\" allowfullscreen=\"allowfullscreen\"><br \/>\n<\/iframe><\/div>\n<p><a href=\"https:\/\/www.canva.com\/design\/DAE8iWz4-7o\/view?utm_content=DAE8iWz4-7o&amp;utm_campaign=designshare&amp;utm_medium=embeds&amp;utm_source=link\" target=\"_blank\" rel=\"noopener\">LES PRIERES A LA SAINTE VIERGE<\/a><\/p>\n<\/header>\n","protected":false},"excerpt":{"rendered":"<p>Cliquez sur chaque image pour avoir la pri\u00e8re que vous souhaitez adresser \u00e0 la tr\u00e8s Sainte Vierge Marie. Chaque pri\u00e8re est accompagn\u00e9e, quand cela est possible, des musiques sacr\u00e9es. Merci de prier aussi pour nous. LES PRIERES A LA SAINTE VIERGE<a class=\"more-link\" href=\"https:\/\/m-i.info\/fr\/en-priere-avec-marie\/\">Lire la suite &rarr;<\/a><\/p>\n","protected":false},"author":217,"featured_media":0,"parent":0,"menu_order":0,"comment_status":"closed","ping_status":"closed","template":"","meta":{"footnotes":""},"class_list":["entry","author-maurice","post-816","page","type-page","status-publish"],"_links":{"self":[{"href":"https:\/\/m-i.info\/fr\/wp-json\/wp\/v2\/pages\/816","targetHints":{"allow":["GET"]}}],"collection":[{"href":"https:\/\/m-i.info\/fr\/wp-json\/wp\/v2\/pages"}],"about":[{"href":"https:\/\/m-i.info\/fr\/wp-json\/wp\/v2\/types\/page"}],"author":[{"embeddable":true,"href":"https:\/\/m-i.info\/fr\/wp-json\/wp\/v2\/users\/217"}],"replies":[{"embeddable":true,"href":"https:\/\/m-i.info\/fr\/wp-json\/wp\/v2\/comments?post=816"}],"version-history":[{"count":13,"href":"https:\/\/m-i.info\/fr\/wp-json\/wp\/v2\/pages\/816\/revisions"}],"predecessor-version":[{"id":75906,"href":"https:\/\/m-i.info\/fr\/wp-json\/wp\/v2\/pages\/816\/revisions\/75906"}],"wp:attachment":[{"href":"https:\/\/m-i.info\/fr\/wp-json\/wp\/v2\/media?parent=816"}],"curies":[{"name":"wp","href":"https:\/\/api.w.org\/{rel}","templated":true}]}}